{"id":6593,"date":"2023-05-02T16:07:54","date_gmt":"2023-05-02T19:07:54","guid":{"rendered":"http:\/\/foundersfoodhall.com\/hours\/"},"modified":"2023-07-02T13:40:10","modified_gmt":"2023-07-02T16:40:10","slug":"hours","status":"publish","type":"page","link":"https:\/\/foundersfoodhall.com\/fr\/hours\/","title":{"rendered":"Heures d\u2019ouverture"},"content":{"rendered":"\n<p class=\"has-text-align-center\"><span style=\"font-weight: 400;\">Le Founders\u2019 Food Hall &amp; Market est situ\u00e9 au 6, rue Prince, \u00e0 Charlottetown, \u00cele-du-Prince-\u00c9douard.<\/span><\/p>\n\n\n\n<div class=\"wp-block-group alignfull has-background-background-color has-background has-light-background has-md-padding-bottom has-xl-margin-top has-xl-margin-bottom\"><div class=\"wp-block-group__inner-container is-layout-constrained wp-block-group-is-layout-constrained\">\n<div class=\"wp-block-columns is-layout-flex wp-container-core-columns-is-layout-9d6595d7 wp-block-columns-is-layout-flex\">\n<div class=\"wp-block-column is-layout-flow wp-block-column-is-layout-flow\"><div class=\"wp-block-image\">\n<figure class=\"aligncenter size-full is-resized\"><img loading=\"lazy\" decoding=\"async\" src=\"https:\/\/foundersfoodhall.com\/wp-content\/uploads\/2023\/06\/FoundersHall-logo-black.png\" alt=\"\" class=\"wp-image-5819\" width=\"225\" height=\"225\" srcset=\"https:\/\/foundersfoodhall.com\/wp-content\/uploads\/2023\/06\/FoundersHall-logo-black-80x80.png 80w, https:\/\/foundersfoodhall.com\/wp-content\/uploads\/2023\/06\/FoundersHall-logo-black-100x100.png 100w, https:\/\/foundersfoodhall.com\/wp-content\/uploads\/2023\/06\/FoundersHall-logo-black-150x150.png 150w, https:\/\/foundersfoodhall.com\/wp-content\/uploads\/2023\/06\/FoundersHall-logo-black.png 300w\" sizes=\"auto, (max-width: 225px) 100vw, 225px\" \/><\/figure>\n<\/div>\n\n\n<p class=\"has-text-align-center has-primary-color has-text-color\"><strong>Du lundi au samedi : <\/strong><br>10 h \u2013 20 h*<br>* Les vendeurs d\u2019aliments ouvrent \u00e0 11 h *<br><strong>Dimanche :<\/strong> <br>12 h \u2013 17 h<\/p>\n<\/div>\n\n\n\n<div class=\"wp-block-column is-layout-flow wp-block-column-is-layout-flow\"><div class=\"wp-block-image\">\n<figure class=\"aligncenter size-full is-resized\"><img loading=\"lazy\" decoding=\"async\" src=\"https:\/\/foundersfoodhall.com\/wp-content\/uploads\/2023\/06\/PEI-VIC-logo-black.png\" alt=\"\" class=\"wp-image-5820\" width=\"225\" height=\"225\" srcset=\"https:\/\/foundersfoodhall.com\/wp-content\/uploads\/2023\/06\/PEI-VIC-logo-black-80x80.png 80w, https:\/\/foundersfoodhall.com\/wp-content\/uploads\/2023\/06\/PEI-VIC-logo-black-100x100.png 100w, https:\/\/foundersfoodhall.com\/wp-content\/uploads\/2023\/06\/PEI-VIC-logo-black-150x150.png 150w, https:\/\/foundersfoodhall.com\/wp-content\/uploads\/2023\/06\/PEI-VIC-logo-black.png 300w\" sizes=\"auto, (max-width: 225px) 100vw, 225px\" \/><\/figure>\n<\/div>\n\n\n<p class=\"has-text-align-center has-primary-color has-text-color\"><strong><strong>Tous les jours :<\/strong><br><\/strong>8 h \u2013 20 h<\/p>\n\n\n\n<h3 class=\"wp-block-heading has-text-align-center has-primary-color has-text-color\"><\/h3>\n\n\n\n<p class=\"has-text-align-center has-primary-color has-text-color\"><\/p>\n<\/div>\n\n\n\n<div class=\"wp-block-column is-layout-flow wp-block-column-is-layout-flow\"><div class=\"wp-block-image\">\n<figure class=\"aligncenter size-full is-resized\"><img loading=\"lazy\" decoding=\"async\" src=\"https:\/\/foundersfoodhall.com\/wp-content\/uploads\/2023\/06\/Notables-logo-black-300-1.png\" alt=\"\" class=\"wp-image-5824\" width=\"200\" height=\"200\" srcset=\"https:\/\/foundersfoodhall.com\/wp-content\/uploads\/2023\/06\/Notables-logo-black-300-1-80x80.png 80w, https:\/\/foundersfoodhall.com\/wp-content\/uploads\/2023\/06\/Notables-logo-black-300-1-100x100.png 100w, https:\/\/foundersfoodhall.com\/wp-content\/uploads\/2023\/06\/Notables-logo-black-300-1-150x150.png 150w, https:\/\/foundersfoodhall.com\/wp-content\/uploads\/2023\/06\/Notables-logo-black-300-1.png 300w\" sizes=\"auto, (max-width: 200px) 100vw, 200px\" \/><\/figure>\n<\/div>\n\n\n<p class=\"has-text-align-center has-primary-color has-text-color\"><strong>Du lundi au samedi :<\/strong><br>10 h \u2013 20 h<\/p>\n\n\n\n<p class=\"has-text-align-center has-primary-color has-text-color\"><strong>Dimanche :<\/strong> <br>12 h \u2013 18 h<\/p>\n<\/div>\n<\/div>\n<\/div><\/div>\n\n\n\n\n<div class=\"wp-block-group alignfull has-heading-background-color has-background has-dark-background has-md-padding-top has-md-padding-bottom\"><div class=\"wp-block-group__inner-container is-layout-constrained wp-block-group-is-layout-constrained\">\n<h2 class=\"wp-block-heading has-text-align-center has-white-color has-text-color\"><strong>Jours ferm\u00e9s<\/strong><\/h2>\n\n\n\n<p class=\"has-text-align-center has-white-color has-text-color\">Vendredi saint<\/p>\n\n\n\n<p class=\"has-text-align-center has-white-color has-text-color\">F\u00eate du Travail<\/p>\n\n\n\n<p class=\"has-text-align-center has-white-color has-text-color\">Jour de l\u2019Action de gr\u00e2ces<\/p>\n\n\n\n<p class=\"has-text-align-center has-white-color has-text-color\">Jour du Souvenir<\/p>\n\n\n\n<p class=\"has-text-align-center has-white-color has-text-color\">Jour de No\u00ebl<\/p>\n\n\n\n<p class=\"has-text-align-center has-white-color has-text-color\">Lendemain de No\u00ebl<\/p>\n\n\n\n<p class=\"has-text-align-center has-white-color has-text-color\">Jour de l\u2019An<\/p>\n\n\n\n<p class=\"has-text-align-center has-white-color has-text-color\">Veuillez consulter les sites de Notables et du Centre d\u2019information touristique pour voir leurs jours de fermeture, ceux-ci peuvent diff\u00e9rer de ceux du Founders\u2019 Food Hall &#038; Market.<\/p>\n<\/div><\/div>\n\n","protected":false},"excerpt":{"rendered":"<p>Le Founders\u2019 Food Hall &amp; Market est situ\u00e9 au 6, rue Prince, \u00e0 Charlottetown, \u00cele-du-Prince-\u00c9douard. Du lundi au samedi : 10 h \u2013 20 h** Les vendeurs d\u2019aliments ouvrent \u00e0 11 h *Dimanche : 12 h \u2013 17 h Tous les jours :8 h \u2013 20 h Du lundi au samedi :10 h \u2013 20 &hellip;<\/p>\n","protected":false},"author":1,"featured_media":0,"parent":0,"menu_order":0,"comment_status":"closed","ping_status":"closed","template":"","meta":{"_acf_changed":false,"_genesis_hide_title":false,"_genesis_hide_breadcrumbs":false,"_genesis_hide_singular_image":false,"_genesis_hide_footer_widgets":false,"_genesis_custom_body_class":"","_genesis_custom_post_class":"","_genesis_layout":"","footnotes":""},"class_list":{"1":"page","2":"type-page","5":"entry"},"yoast_head":"<!-- This site is optimized with the Yoast SEO plugin v27.5 - https:\/\/yoast.com\/product\/yoast-seo-wordpress\/ -->\n<title>Heures d\u2019ouverture - Founders Food Hall<\/title>\n<meta name=\"robots\" content=\"index, follow, max-snippet:-1, max-image-preview:large, max-video-preview:-1\" \/>\n<link rel=\"canonical\" href=\"https:\/\/foundersfoodhall.com\/fr\/hours\/\" \/>\n<meta property=\"og:locale\" content=\"fr_FR\" \/>\n<meta property=\"og:type\" content=\"article\" \/>\n<meta property=\"og:title\" content=\"Heures d\u2019ouverture - Founders Food Hall\" \/>\n<meta property=\"og:description\" content=\"Le Founders\u2019 Food Hall &amp; Market est situ\u00e9 au 6, rue Prince, \u00e0 Charlottetown, \u00cele-du-Prince-\u00c9douard. Du lundi au samedi : 10 h \u2013 20 h** Les vendeurs d\u2019aliments ouvrent \u00e0 11 h *Dimanche : 12 h \u2013 17 h Tous les jours :8 h \u2013 20 h Du lundi au samedi :10 h \u2013 20 &hellip;\" \/>\n<meta property=\"og:url\" content=\"https:\/\/foundersfoodhall.com\/fr\/hours\/\" \/>\n<meta property=\"og:site_name\" content=\"Founders Food Hall\" \/>\n<meta property=\"article:publisher\" content=\"https:\/\/www.facebook.com\/foundersfoodhall\" \/>\n<meta property=\"article:modified_time\" content=\"2023-07-02T16:40:10+00:00\" \/>\n<meta property=\"og:image\" content=\"http:\/\/foundersfoodhall.com\/wp-content\/uploads\/2023\/06\/FoundersHall-logo-black.png\" \/>\n<meta name=\"twitter:card\" content=\"summary_large_image\" \/>\n<meta name=\"twitter:label1\" content=\"Dur\u00e9e de lecture estim\u00e9e\" \/>\n\t<meta name=\"twitter:data1\" content=\"2 minutes\" \/>\n<script type=\"application\/ld+json\" class=\"yoast-schema-graph\">{\"@context\":\"https:\\\/\\\/schema.org\",\"@graph\":[{\"@type\":\"WebPage\",\"@id\":\"https:\\\/\\\/foundersfoodhall.com\\\/fr\\\/hours\\\/\",\"url\":\"https:\\\/\\\/foundersfoodhall.com\\\/fr\\\/hours\\\/\",\"name\":\"Heures d\u2019ouverture - Founders Food Hall\",\"isPartOf\":{\"@id\":\"https:\\\/\\\/foundersfoodhall.com\\\/fr\\\/#website\"},\"primaryImageOfPage\":{\"@id\":\"https:\\\/\\\/foundersfoodhall.com\\\/fr\\\/hours\\\/#primaryimage\"},\"image\":{\"@id\":\"https:\\\/\\\/foundersfoodhall.com\\\/fr\\\/hours\\\/#primaryimage\"},\"thumbnailUrl\":\"https:\\\/\\\/foundersfoodhall.com\\\/wp-content\\\/uploads\\\/2023\\\/06\\\/FoundersHall-logo-black.png\",\"datePublished\":\"2023-05-02T19:07:54+00:00\",\"dateModified\":\"2023-07-02T16:40:10+00:00\",\"breadcrumb\":{\"@id\":\"https:\\\/\\\/foundersfoodhall.com\\\/fr\\\/hours\\\/#breadcrumb\"},\"inLanguage\":\"fr-FR\",\"potentialAction\":[{\"@type\":\"ReadAction\",\"target\":[\"https:\\\/\\\/foundersfoodhall.com\\\/fr\\\/hours\\\/\"]}]},{\"@type\":\"ImageObject\",\"inLanguage\":\"fr-FR\",\"@id\":\"https:\\\/\\\/foundersfoodhall.com\\\/fr\\\/hours\\\/#primaryimage\",\"url\":\"https:\\\/\\\/foundersfoodhall.com\\\/wp-content\\\/uploads\\\/2023\\\/06\\\/FoundersHall-logo-black.png\",\"contentUrl\":\"https:\\\/\\\/foundersfoodhall.com\\\/wp-content\\\/uploads\\\/2023\\\/06\\\/FoundersHall-logo-black.png\"},{\"@type\":\"BreadcrumbList\",\"@id\":\"https:\\\/\\\/foundersfoodhall.com\\\/fr\\\/hours\\\/#breadcrumb\",\"itemListElement\":[{\"@type\":\"ListItem\",\"position\":1,\"name\":\"Home\",\"item\":\"https:\\\/\\\/foundersfoodhall.com\\\/fr\\\/\"},{\"@type\":\"ListItem\",\"position\":2,\"name\":\"Heures d\u2019ouverture\"}]},{\"@type\":\"WebSite\",\"@id\":\"https:\\\/\\\/foundersfoodhall.com\\\/fr\\\/#website\",\"url\":\"https:\\\/\\\/foundersfoodhall.com\\\/fr\\\/\",\"name\":\"Founders Food Hall\",\"description\":\"Charlottetown, PEI\",\"publisher\":{\"@id\":\"https:\\\/\\\/foundersfoodhall.com\\\/fr\\\/#organization\"},\"potentialAction\":[{\"@type\":\"SearchAction\",\"target\":{\"@type\":\"EntryPoint\",\"urlTemplate\":\"https:\\\/\\\/foundersfoodhall.com\\\/fr\\\/?s={search_term_string}\"},\"query-input\":{\"@type\":\"PropertyValueSpecification\",\"valueRequired\":true,\"valueName\":\"search_term_string\"}}],\"inLanguage\":\"fr-FR\"},{\"@type\":\"Organization\",\"@id\":\"https:\\\/\\\/foundersfoodhall.com\\\/fr\\\/#organization\",\"name\":\"Founders Food Hall\",\"url\":\"https:\\\/\\\/foundersfoodhall.com\\\/fr\\\/\",\"logo\":{\"@type\":\"ImageObject\",\"inLanguage\":\"fr-FR\",\"@id\":\"https:\\\/\\\/foundersfoodhall.com\\\/fr\\\/#\\\/schema\\\/logo\\\/image\\\/\",\"url\":\"https:\\\/\\\/foundersfoodhall.com\\\/wp-content\\\/uploads\\\/2019\\\/02\\\/Food-Hall-Logo.png\",\"contentUrl\":\"https:\\\/\\\/foundersfoodhall.com\\\/wp-content\\\/uploads\\\/2019\\\/02\\\/Food-Hall-Logo.png\",\"width\":450,\"height\":251,\"caption\":\"Founders Food Hall\"},\"image\":{\"@id\":\"https:\\\/\\\/foundersfoodhall.com\\\/fr\\\/#\\\/schema\\\/logo\\\/image\\\/\"},\"sameAs\":[\"https:\\\/\\\/www.facebook.com\\\/foundersfoodhall\",\"https:\\\/\\\/www.instagram.com\\\/foundersfoodhall\\\/\"]}]}<\/script>\n<!-- \/ Yoast SEO plugin. -->","yoast_head_json":{"title":"Heures d\u2019ouverture - Founders Food Hall","robots":{"index":"index","follow":"follow","max-snippet":"max-snippet:-1","max-image-preview":"max-image-preview:large","max-video-preview":"max-video-preview:-1"},"canonical":"https:\/\/foundersfoodhall.com\/fr\/hours\/","og_locale":"fr_FR","og_type":"article","og_title":"Heures d\u2019ouverture - Founders Food Hall","og_description":"Le Founders\u2019 Food Hall &amp; Market est situ\u00e9 au 6, rue Prince, \u00e0 Charlottetown, \u00cele-du-Prince-\u00c9douard. Du lundi au samedi : 10 h \u2013 20 h** Les vendeurs d\u2019aliments ouvrent \u00e0 11 h *Dimanche : 12 h \u2013 17 h Tous les jours :8 h \u2013 20 h Du lundi au samedi :10 h \u2013 20 &hellip;","og_url":"https:\/\/foundersfoodhall.com\/fr\/hours\/","og_site_name":"Founders Food Hall","article_publisher":"https:\/\/www.facebook.com\/foundersfoodhall","article_modified_time":"2023-07-02T16:40:10+00:00","og_image":[{"url":"http:\/\/foundersfoodhall.com\/wp-content\/uploads\/2023\/06\/FoundersHall-logo-black.png","type":"","width":"","height":""}],"twitter_card":"summary_large_image","twitter_misc":{"Dur\u00e9e de lecture estim\u00e9e":"2 minutes"},"schema":{"@context":"https:\/\/schema.org","@graph":[{"@type":"WebPage","@id":"https:\/\/foundersfoodhall.com\/fr\/hours\/","url":"https:\/\/foundersfoodhall.com\/fr\/hours\/","name":"Heures d\u2019ouverture - Founders Food Hall","isPartOf":{"@id":"https:\/\/foundersfoodhall.com\/fr\/#website"},"primaryImageOfPage":{"@id":"https:\/\/foundersfoodhall.com\/fr\/hours\/#primaryimage"},"image":{"@id":"https:\/\/foundersfoodhall.com\/fr\/hours\/#primaryimage"},"thumbnailUrl":"https:\/\/foundersfoodhall.com\/wp-content\/uploads\/2023\/06\/FoundersHall-logo-black.png","datePublished":"2023-05-02T19:07:54+00:00","dateModified":"2023-07-02T16:40:10+00:00","breadcrumb":{"@id":"https:\/\/foundersfoodhall.com\/fr\/hours\/#breadcrumb"},"inLanguage":"fr-FR","potentialAction":[{"@type":"ReadAction","target":["https:\/\/foundersfoodhall.com\/fr\/hours\/"]}]},{"@type":"ImageObject","inLanguage":"fr-FR","@id":"https:\/\/foundersfoodhall.com\/fr\/hours\/#primaryimage","url":"https:\/\/foundersfoodhall.com\/wp-content\/uploads\/2023\/06\/FoundersHall-logo-black.png","contentUrl":"https:\/\/foundersfoodhall.com\/wp-content\/uploads\/2023\/06\/FoundersHall-logo-black.png"},{"@type":"BreadcrumbList","@id":"https:\/\/foundersfoodhall.com\/fr\/hours\/#breadcrumb","itemListElement":[{"@type":"ListItem","position":1,"name":"Home","item":"https:\/\/foundersfoodhall.com\/fr\/"},{"@type":"ListItem","position":2,"name":"Heures d\u2019ouverture"}]},{"@type":"WebSite","@id":"https:\/\/foundersfoodhall.com\/fr\/#website","url":"https:\/\/foundersfoodhall.com\/fr\/","name":"Founders Food Hall","description":"Charlottetown, PEI","publisher":{"@id":"https:\/\/foundersfoodhall.com\/fr\/#organization"},"potentialAction":[{"@type":"SearchAction","target":{"@type":"EntryPoint","urlTemplate":"https:\/\/foundersfoodhall.com\/fr\/?s={search_term_string}"},"query-input":{"@type":"PropertyValueSpecification","valueRequired":true,"valueName":"search_term_string"}}],"inLanguage":"fr-FR"},{"@type":"Organization","@id":"https:\/\/foundersfoodhall.com\/fr\/#organization","name":"Founders Food Hall","url":"https:\/\/foundersfoodhall.com\/fr\/","logo":{"@type":"ImageObject","inLanguage":"fr-FR","@id":"https:\/\/foundersfoodhall.com\/fr\/#\/schema\/logo\/image\/","url":"https:\/\/foundersfoodhall.com\/wp-content\/uploads\/2019\/02\/Food-Hall-Logo.png","contentUrl":"https:\/\/foundersfoodhall.com\/wp-content\/uploads\/2019\/02\/Food-Hall-Logo.png","width":450,"height":251,"caption":"Founders Food Hall"},"image":{"@id":"https:\/\/foundersfoodhall.com\/fr\/#\/schema\/logo\/image\/"},"sameAs":["https:\/\/www.facebook.com\/foundersfoodhall","https:\/\/www.instagram.com\/foundersfoodhall\/"]}]}},"acf":[],"_links":{"self":[{"href":"https:\/\/foundersfoodhall.com\/fr\/wp-json\/wp\/v2\/pages\/6593","targetHints":{"allow":["GET"]}}],"collection":[{"href":"https:\/\/foundersfoodhall.com\/fr\/wp-json\/wp\/v2\/pages"}],"about":[{"href":"https:\/\/foundersfoodhall.com\/fr\/wp-json\/wp\/v2\/types\/page"}],"author":[{"embeddable":true,"href":"https:\/\/foundersfoodhall.com\/fr\/wp-json\/wp\/v2\/users\/1"}],"replies":[{"embeddable":true,"href":"https:\/\/foundersfoodhall.com\/fr\/wp-json\/wp\/v2\/comments?post=6593"}],"version-history":[{"count":4,"href":"https:\/\/foundersfoodhall.com\/fr\/wp-json\/wp\/v2\/pages\/6593\/revisions"}],"predecessor-version":[{"id":6719,"href":"https:\/\/foundersfoodhall.com\/fr\/wp-json\/wp\/v2\/pages\/6593\/revisions\/6719"}],"wp:attachment":[{"href":"https:\/\/foundersfoodhall.com\/fr\/wp-json\/wp\/v2\/media?parent=6593"}],"curies":[{"name":"wp","href":"https:\/\/api.w.org\/{rel}","templated":true}]}}