{"id":6657,"date":"2023-05-02T16:09:19","date_gmt":"2023-05-02T19:09:19","guid":{"rendered":"http:\/\/foundersfoodhall.com\/repertoire\/boutiques\/"},"modified":"2023-09-25T14:28:40","modified_gmt":"2023-09-25T17:28:40","slug":"boutiques","status":"publish","type":"page","link":"https:\/\/foundersfoodhall.com\/fr\/repertoire\/boutiques\/","title":{"rendered":"Boutiques"},"content":{"rendered":"\n<div class=\"wp-block-buttons has-custom-font-size is-content-justification-center is-layout-flex wp-container-core-buttons-is-layout-16018d1d wp-block-buttons-is-layout-flex\" style=\"font-size:21px\">\n<div class=\"wp-block-button--1\" style=\"--button-border-radius:0px;\"><a class=\"wp-block-button__link button button-outline wp-element-button\" href=\"https:\/\/foundersfoodhall.com\/fr\/repertoire\/\" style=\"border-radius:0px\">TOUS<\/a><\/div>\n\n\n\n\n<div class=\"wp-block-button--2\" style=\"--button-border-radius:0px;\"><a class=\"wp-block-button__link button button-outline wp-element-button\" href=\"https:\/\/foundersfoodhall.com\/fr\/repertoire\/aliments-et-boissons\/\" style=\"border-radius:0px\">Aliments et boissons<\/a><\/div>\n\n\n\n\n<div class=\"wp-block-button--3\" style=\"--button-border-radius:0px;\"><a class=\"wp-block-button__link button button-outline wp-element-button\" href=\"https:\/\/foundersfoodhall.com\/fr\/repertoire\/boutiques\/\" style=\"border-radius:0px\">Boutiques<\/a><\/div>\n\n<\/div>\n\n\n\n<div style=\"height:30px\" aria-hidden=\"true\" class=\"wp-block-spacer\"><\/div>\n\n\n<div class=\"mai-grid entries entries-grid has-image-background\" style=\"--entry-title-font-size:var(--font-size-xxl);--aspect-ratio:4\/3;--align-text:center;--align-text-vertical:center;--entry-meta-text-align:center;\"><div class=\"entries-wrap has-columns\" style=\"--columns-xs:1\/1;--columns-sm:1\/1;--columns-md:1\/3;--columns-lg:1\/3;--flex-xs:0 0 var(--flex-basis);--flex-sm:0 0 var(--flex-basis);--flex-md:0 0 var(--flex-basis);--flex-lg:0 0 var(--flex-basis);--column-gap:var(--spacing-md);--row-gap:var(--spacing-md);--align-columns:center;\"><article class=\"entry entry-grid is-column has-entry-link has-image has-image-first type-post category-aliments-et-boissons category-livraison category-magasins\" style=\"--entry-index:1;\" aria-label=\"Maritime Madness\"><figure class=\"entry-image-link\"><img loading=\"lazy\" decoding=\"async\" width=\"400\" height=\"300\" src=\"https:\/\/foundersfoodhall.com\/wp-content\/uploads\/2019\/05\/Maritime-Madness-1080x720-1-400x300.jpg\" class=\"entry-image size-landscape-sm\" alt=\"\" srcset=\"https:\/\/foundersfoodhall.com\/wp-content\/uploads\/2019\/05\/Maritime-Madness-1080x720-1-400x300.jpg 400w, https:\/\/foundersfoodhall.com\/wp-content\/uploads\/2019\/05\/Maritime-Madness-1080x720-1-500x375.jpg 500w, https:\/\/foundersfoodhall.com\/wp-content\/uploads\/2019\/05\/Maritime-Madness-1080x720-1-800x600.jpg 800w\" sizes=\"auto, (max-width:599px) 599px, (min-width:600px) and (max-width: 799px) 799px, (min-width:800px) and (max-width: 999px) 333px, (min-width:1000px) 400px\" \/><\/figure><div class=\"entry-wrap entry-wrap-grid\"><a class=\"entry-overlay entry-overlay-link\" href=\"https:\/\/foundersfoodhall.com\/fr\/maritime-madness\/\" aria-labelledby=\"entry-title-1\"><\/a><h3 class=\"entry-title\" id=\"entry-title-1\"><a class=\"entry-title-link\" href=\"https:\/\/foundersfoodhall.com\/fr\/maritime-madness\/\" rel=\"bookmark\">Maritime Madness<\/a><\/h3>\n<div class=\"entry-excerpt\"><p>Sauces gastronomiques \u00e9pic\u00e9es<\/p>\n<\/div><\/div><\/article><article class=\"entry entry-grid is-column has-entry-link has-image has-image-first type-post category-magasins\" style=\"--entry-index:2;\" aria-label=\"PEI Lavender Distillery\"><figure class=\"entry-image-link\"><img loading=\"lazy\" decoding=\"async\" width=\"400\" height=\"300\" src=\"https:\/\/foundersfoodhall.com\/wp-content\/uploads\/2023\/06\/PEI-Lavender-1G0A9350-400x300.jpg\" class=\"entry-image size-landscape-sm\" alt=\"\" srcset=\"https:\/\/foundersfoodhall.com\/wp-content\/uploads\/2023\/06\/PEI-Lavender-1G0A9350-400x300.jpg 400w, https:\/\/foundersfoodhall.com\/wp-content\/uploads\/2023\/06\/PEI-Lavender-1G0A9350-500x375.jpg 500w, https:\/\/foundersfoodhall.com\/wp-content\/uploads\/2023\/06\/PEI-Lavender-1G0A9350-800x600.jpg 800w\" sizes=\"auto, (max-width:599px) 599px, (min-width:600px) and (max-width: 799px) 799px, (min-width:800px) and (max-width: 999px) 333px, (min-width:1000px) 400px\" \/><\/figure><div class=\"entry-wrap entry-wrap-grid\"><a class=\"entry-overlay entry-overlay-link\" href=\"https:\/\/foundersfoodhall.com\/fr\/pei-lavender-distillery\/\" aria-labelledby=\"entry-title-2\"><\/a><h3 class=\"entry-title\" id=\"entry-title-2\"><a class=\"entry-title-link\" href=\"https:\/\/foundersfoodhall.com\/fr\/pei-lavender-distillery\/\" rel=\"bookmark\">PEI Lavender Distillery<\/a><\/h3>\n<div class=\"entry-excerpt\"><p>Produits locaux pour les amateurs de lavande<\/p>\n<\/div><\/div><\/article><article class=\"entry entry-grid is-column has-entry-link has-image has-image-first type-post category-magasins\" style=\"--entry-index:3;\" aria-label=\"Two Beggars\"><figure class=\"entry-image-link\"><img loading=\"lazy\" decoding=\"async\" width=\"400\" height=\"300\" src=\"https:\/\/foundersfoodhall.com\/wp-content\/uploads\/2023\/06\/Two-Beggers-400x300.jpg\" class=\"entry-image size-landscape-sm\" alt=\"\" srcset=\"https:\/\/foundersfoodhall.com\/wp-content\/uploads\/2023\/06\/Two-Beggers-400x300.jpg 400w, https:\/\/foundersfoodhall.com\/wp-content\/uploads\/2023\/06\/Two-Beggers-500x375.jpg 500w, https:\/\/foundersfoodhall.com\/wp-content\/uploads\/2023\/06\/Two-Beggers-800x600.jpg 800w, https:\/\/foundersfoodhall.com\/wp-content\/uploads\/2023\/06\/Two-Beggers-1200x900.jpg 1200w\" sizes=\"auto, (max-width:599px) 599px, (min-width:600px) and (max-width: 799px) 799px, (min-width:800px) and (max-width: 999px) 333px, (min-width:1000px) 400px\" \/><\/figure><div class=\"entry-wrap entry-wrap-grid\"><a class=\"entry-overlay entry-overlay-link\" href=\"https:\/\/foundersfoodhall.com\/fr\/two-beggars\/\" aria-labelledby=\"entry-title-3\"><\/a><h3 class=\"entry-title\" id=\"entry-title-3\"><a class=\"entry-title-link\" href=\"https:\/\/foundersfoodhall.com\/fr\/two-beggars\/\" rel=\"bookmark\">Two Beggars<\/a><\/h3>\n<div class=\"entry-excerpt\"><p>Produits pour chiens<\/p>\n<\/div><\/div><\/article><article class=\"entry entry-grid is-column has-entry-link has-image has-image-first type-post category-magasins\" style=\"--entry-index:4;\" aria-label=\"PEI Dirt Shirt\"><figure class=\"entry-image-link\"><img loading=\"lazy\" decoding=\"async\" width=\"400\" height=\"300\" src=\"https:\/\/foundersfoodhall.com\/wp-content\/uploads\/2024\/10\/PEI-Lighthouse-Dirt-Shirt-1080x720-1-400x300.jpg\" class=\"entry-image size-landscape-sm\" alt=\"\" srcset=\"https:\/\/foundersfoodhall.com\/wp-content\/uploads\/2024\/10\/PEI-Lighthouse-Dirt-Shirt-1080x720-1-400x300.jpg 400w, https:\/\/foundersfoodhall.com\/wp-content\/uploads\/2024\/10\/PEI-Lighthouse-Dirt-Shirt-1080x720-1-500x375.jpg 500w, https:\/\/foundersfoodhall.com\/wp-content\/uploads\/2024\/10\/PEI-Lighthouse-Dirt-Shirt-1080x720-1-800x600.jpg 800w\" sizes=\"auto, (max-width:599px) 599px, (min-width:600px) and (max-width: 799px) 799px, (min-width:800px) and (max-width: 999px) 333px, (min-width:1000px) 400px\" \/><\/figure><div class=\"entry-wrap entry-wrap-grid\"><a class=\"entry-overlay entry-overlay-link\" href=\"https:\/\/foundersfoodhall.com\/fr\/pei-dirt-shirt\/\" aria-labelledby=\"entry-title-4\"><\/a><h3 class=\"entry-title\" id=\"entry-title-4\"><a class=\"entry-title-link\" href=\"https:\/\/foundersfoodhall.com\/fr\/pei-dirt-shirt\/\" rel=\"bookmark\">PEI Dirt Shirt<\/a><\/h3>\n<div class=\"entry-excerpt\"><p>\u00c0 la mode de l\u2019\u00cele<\/p>\n<\/div><\/div><\/article><article class=\"entry entry-grid is-column has-entry-link has-image has-image-first type-post category-magasins\" style=\"--entry-index:5;\" aria-label=\"Oh Hey PEI\"><figure class=\"entry-image-link\"><img loading=\"lazy\" decoding=\"async\" width=\"400\" height=\"300\" src=\"https:\/\/foundersfoodhall.com\/wp-content\/uploads\/2024\/10\/Oh-Hey-updated-1200x800-1-400x300.jpg\" class=\"entry-image size-landscape-sm\" alt=\"\" srcset=\"https:\/\/foundersfoodhall.com\/wp-content\/uploads\/2024\/10\/Oh-Hey-updated-1200x800-1-400x300.jpg 400w, https:\/\/foundersfoodhall.com\/wp-content\/uploads\/2024\/10\/Oh-Hey-updated-1200x800-1-500x375.jpg 500w, https:\/\/foundersfoodhall.com\/wp-content\/uploads\/2024\/10\/Oh-Hey-updated-1200x800-1-800x600.jpg 800w\" sizes=\"auto, (max-width:599px) 599px, (min-width:600px) and (max-width: 799px) 799px, (min-width:800px) and (max-width: 999px) 333px, (min-width:1000px) 400px\" \/><\/figure><div class=\"entry-wrap entry-wrap-grid\"><a class=\"entry-overlay entry-overlay-link\" href=\"https:\/\/foundersfoodhall.com\/fr\/oh-hey-pei\/\" aria-labelledby=\"entry-title-5\"><\/a><h3 class=\"entry-title\" id=\"entry-title-5\"><a class=\"entry-title-link\" href=\"https:\/\/foundersfoodhall.com\/fr\/oh-hey-pei\/\" rel=\"bookmark\">Oh Hey PEI<\/a><\/h3>\n<div class=\"entry-excerpt\"><p>Boutique de photographie, d\u2019artisanat et de cadeaux<\/p>\n<\/div><\/div><\/article><article class=\"entry entry-grid is-column has-entry-link has-image has-image-first type-post category-aliments-et-boissons category-magasins\" style=\"--entry-index:6;\" aria-label=\"Oh Fudge! PEI Potato Fudge\"><figure class=\"entry-image-link\"><img loading=\"lazy\" decoding=\"async\" width=\"400\" height=\"300\" src=\"https:\/\/foundersfoodhall.com\/wp-content\/uploads\/2023\/05\/Oh-Fudge-PEI-Potato-Fudge-400x300.jpg\" class=\"entry-image size-landscape-sm\" alt=\"Overhead view of assorted artisan fudge squares in chocolate, vanilla and caramel varieties.\" srcset=\"https:\/\/foundersfoodhall.com\/wp-content\/uploads\/2023\/05\/Oh-Fudge-PEI-Potato-Fudge-400x300.jpg 400w, https:\/\/foundersfoodhall.com\/wp-content\/uploads\/2023\/05\/Oh-Fudge-PEI-Potato-Fudge-500x375.jpg 500w, https:\/\/foundersfoodhall.com\/wp-content\/uploads\/2023\/05\/Oh-Fudge-PEI-Potato-Fudge-800x600.jpg 800w, https:\/\/foundersfoodhall.com\/wp-content\/uploads\/2023\/05\/Oh-Fudge-PEI-Potato-Fudge-1200x900.jpg 1200w\" sizes=\"auto, (max-width:599px) 599px, (min-width:600px) and (max-width: 799px) 799px, (min-width:800px) and (max-width: 999px) 333px, (min-width:1000px) 400px\" \/><\/figure><div class=\"entry-wrap entry-wrap-grid\"><a class=\"entry-overlay entry-overlay-link\" href=\"https:\/\/foundersfoodhall.com\/fr\/oh-fudge-pei-potato-fudge\/\" aria-labelledby=\"entry-title-6\"><\/a><h3 class=\"entry-title\" id=\"entry-title-6\"><a class=\"entry-title-link\" href=\"https:\/\/foundersfoodhall.com\/fr\/oh-fudge-pei-potato-fudge\/\" rel=\"bookmark\">Oh Fudge! PEI Potato Fudge<\/a><\/h3>\n<div class=\"entry-excerpt\"><p>Fudge d\u00e9cadent aux pommes de terre de l\u2019\u00ce.-P.-\u00c9., chocolats et davantage<\/p>\n<\/div><\/div><\/article><article class=\"entry entry-grid is-column has-entry-link has-image has-image-first type-post category-aliments-et-boissons category-magasins\" style=\"--entry-index:7;\" aria-label=\"Notables par Alcool \u00ce.-P.-\u00c9.\"><figure class=\"entry-image-link\"><img loading=\"lazy\" decoding=\"async\" width=\"400\" height=\"300\" src=\"https:\/\/foundersfoodhall.com\/wp-content\/uploads\/2024\/10\/Notables-1080x720-1-400x300.jpg\" class=\"entry-image size-landscape-sm\" alt=\"\" srcset=\"https:\/\/foundersfoodhall.com\/wp-content\/uploads\/2024\/10\/Notables-1080x720-1-400x300.jpg 400w, https:\/\/foundersfoodhall.com\/wp-content\/uploads\/2024\/10\/Notables-1080x720-1-500x375.jpg 500w, https:\/\/foundersfoodhall.com\/wp-content\/uploads\/2024\/10\/Notables-1080x720-1-800x600.jpg 800w\" sizes=\"auto, (max-width:599px) 599px, (min-width:600px) and (max-width: 799px) 799px, (min-width:800px) and (max-width: 999px) 333px, (min-width:1000px) 400px\" \/><\/figure><div class=\"entry-wrap entry-wrap-grid\"><a class=\"entry-overlay entry-overlay-link\" href=\"https:\/\/foundersfoodhall.com\/fr\/notables-par-alcool-i-p-e\/\" aria-labelledby=\"entry-title-7\"><\/a><h3 class=\"entry-title\" id=\"entry-title-7\"><a class=\"entry-title-link\" href=\"https:\/\/foundersfoodhall.com\/fr\/notables-par-alcool-i-p-e\/\" rel=\"bookmark\">Notables par Alcool \u00ce.-P.-\u00c9.<\/a><\/h3>\n<div class=\"entry-excerpt\"><p>Vins, bi\u00e8res et spiritueux de qualit\u00e9 sup\u00e9rieure, locaux et exclusifs.<\/p>\n<\/div><\/div><\/article><\/div><\/div>","protected":false},"excerpt":{"rendered":"","protected":false},"author":1,"featured_media":0,"parent":6638,"menu_order":0,"comment_status":"closed","ping_status":"closed","template":"","meta":{"_acf_changed":false,"_genesis_hide_title":false,"_genesis_hide_breadcrumbs":false,"_genesis_hide_singular_image":false,"_genesis_hide_footer_widgets":false,"_genesis_custom_body_class":"","_genesis_custom_post_class":"","_genesis_layout":"","footnotes":""},"class_list":{"1":"page","2":"type-page","5":"entry"},"yoast_head":"<!-- This site is optimized with the Yoast SEO plugin v27.5 - https:\/\/yoast.com\/product\/yoast-seo-wordpress\/ -->\n<title>Boutiques - Founders Food Hall<\/title>\n<meta name=\"robots\" content=\"index, follow, max-snippet:-1, max-image-preview:large, max-video-preview:-1\" \/>\n<link rel=\"canonical\" href=\"https:\/\/foundersfoodhall.com\/fr\/repertoire\/boutiques\/\" \/>\n<meta property=\"og:locale\" content=\"fr_FR\" \/>\n<meta property=\"og:type\" content=\"article\" \/>\n<meta property=\"og:title\" content=\"Boutiques - Founders Food Hall\" \/>\n<meta property=\"og:url\" content=\"https:\/\/foundersfoodhall.com\/fr\/repertoire\/boutiques\/\" \/>\n<meta property=\"og:site_name\" content=\"Founders Food Hall\" \/>\n<meta property=\"article:publisher\" content=\"https:\/\/www.facebook.com\/foundersfoodhall\" \/>\n<meta property=\"article:modified_time\" content=\"2023-09-25T17:28:40+00:00\" \/>\n<meta name=\"twitter:card\" content=\"summary_large_image\" \/>\n<script type=\"application\/ld+json\" class=\"yoast-schema-graph\">{\"@context\":\"https:\\\/\\\/schema.org\",\"@graph\":[{\"@type\":\"WebPage\",\"@id\":\"https:\\\/\\\/foundersfoodhall.com\\\/fr\\\/repertoire\\\/boutiques\\\/\",\"url\":\"https:\\\/\\\/foundersfoodhall.com\\\/fr\\\/repertoire\\\/boutiques\\\/\",\"name\":\"Boutiques - Founders Food Hall\",\"isPartOf\":{\"@id\":\"https:\\\/\\\/foundersfoodhall.com\\\/fr\\\/#website\"},\"datePublished\":\"2023-05-02T19:09:19+00:00\",\"dateModified\":\"2023-09-25T17:28:40+00:00\",\"breadcrumb\":{\"@id\":\"https:\\\/\\\/foundersfoodhall.com\\\/fr\\\/repertoire\\\/boutiques\\\/#breadcrumb\"},\"inLanguage\":\"fr-FR\",\"potentialAction\":[{\"@type\":\"ReadAction\",\"target\":[\"https:\\\/\\\/foundersfoodhall.com\\\/fr\\\/repertoire\\\/boutiques\\\/\"]}]},{\"@type\":\"BreadcrumbList\",\"@id\":\"https:\\\/\\\/foundersfoodhall.com\\\/fr\\\/repertoire\\\/boutiques\\\/#breadcrumb\",\"itemListElement\":[{\"@type\":\"ListItem\",\"position\":1,\"name\":\"Home\",\"item\":\"https:\\\/\\\/foundersfoodhall.com\\\/fr\\\/\"},{\"@type\":\"ListItem\",\"position\":2,\"name\":\"R\u00e9pertoire\",\"item\":\"https:\\\/\\\/foundersfoodhall.com\\\/fr\\\/repertoire\\\/\"},{\"@type\":\"ListItem\",\"position\":3,\"name\":\"Boutiques\"}]},{\"@type\":\"WebSite\",\"@id\":\"https:\\\/\\\/foundersfoodhall.com\\\/fr\\\/#website\",\"url\":\"https:\\\/\\\/foundersfoodhall.com\\\/fr\\\/\",\"name\":\"Founders Food Hall\",\"description\":\"Charlottetown, PEI\",\"publisher\":{\"@id\":\"https:\\\/\\\/foundersfoodhall.com\\\/fr\\\/#organization\"},\"potentialAction\":[{\"@type\":\"SearchAction\",\"target\":{\"@type\":\"EntryPoint\",\"urlTemplate\":\"https:\\\/\\\/foundersfoodhall.com\\\/fr\\\/?s={search_term_string}\"},\"query-input\":{\"@type\":\"PropertyValueSpecification\",\"valueRequired\":true,\"valueName\":\"search_term_string\"}}],\"inLanguage\":\"fr-FR\"},{\"@type\":\"Organization\",\"@id\":\"https:\\\/\\\/foundersfoodhall.com\\\/fr\\\/#organization\",\"name\":\"Founders Food Hall\",\"url\":\"https:\\\/\\\/foundersfoodhall.com\\\/fr\\\/\",\"logo\":{\"@type\":\"ImageObject\",\"inLanguage\":\"fr-FR\",\"@id\":\"https:\\\/\\\/foundersfoodhall.com\\\/fr\\\/#\\\/schema\\\/logo\\\/image\\\/\",\"url\":\"https:\\\/\\\/foundersfoodhall.com\\\/wp-content\\\/uploads\\\/2019\\\/02\\\/Food-Hall-Logo.png\",\"contentUrl\":\"https:\\\/\\\/foundersfoodhall.com\\\/wp-content\\\/uploads\\\/2019\\\/02\\\/Food-Hall-Logo.png\",\"width\":450,\"height\":251,\"caption\":\"Founders Food Hall\"},\"image\":{\"@id\":\"https:\\\/\\\/foundersfoodhall.com\\\/fr\\\/#\\\/schema\\\/logo\\\/image\\\/\"},\"sameAs\":[\"https:\\\/\\\/www.facebook.com\\\/foundersfoodhall\",\"https:\\\/\\\/www.instagram.com\\\/foundersfoodhall\\\/\"]}]}<\/script>\n<!-- \/ Yoast SEO plugin. -->","yoast_head_json":{"title":"Boutiques - Founders Food Hall","robots":{"index":"index","follow":"follow","max-snippet":"max-snippet:-1","max-image-preview":"max-image-preview:large","max-video-preview":"max-video-preview:-1"},"canonical":"https:\/\/foundersfoodhall.com\/fr\/repertoire\/boutiques\/","og_locale":"fr_FR","og_type":"article","og_title":"Boutiques - Founders Food Hall","og_url":"https:\/\/foundersfoodhall.com\/fr\/repertoire\/boutiques\/","og_site_name":"Founders Food Hall","article_publisher":"https:\/\/www.facebook.com\/foundersfoodhall","article_modified_time":"2023-09-25T17:28:40+00:00","twitter_card":"summary_large_image","schema":{"@context":"https:\/\/schema.org","@graph":[{"@type":"WebPage","@id":"https:\/\/foundersfoodhall.com\/fr\/repertoire\/boutiques\/","url":"https:\/\/foundersfoodhall.com\/fr\/repertoire\/boutiques\/","name":"Boutiques - Founders Food Hall","isPartOf":{"@id":"https:\/\/foundersfoodhall.com\/fr\/#website"},"datePublished":"2023-05-02T19:09:19+00:00","dateModified":"2023-09-25T17:28:40+00:00","breadcrumb":{"@id":"https:\/\/foundersfoodhall.com\/fr\/repertoire\/boutiques\/#breadcrumb"},"inLanguage":"fr-FR","potentialAction":[{"@type":"ReadAction","target":["https:\/\/foundersfoodhall.com\/fr\/repertoire\/boutiques\/"]}]},{"@type":"BreadcrumbList","@id":"https:\/\/foundersfoodhall.com\/fr\/repertoire\/boutiques\/#breadcrumb","itemListElement":[{"@type":"ListItem","position":1,"name":"Home","item":"https:\/\/foundersfoodhall.com\/fr\/"},{"@type":"ListItem","position":2,"name":"R\u00e9pertoire","item":"https:\/\/foundersfoodhall.com\/fr\/repertoire\/"},{"@type":"ListItem","position":3,"name":"Boutiques"}]},{"@type":"WebSite","@id":"https:\/\/foundersfoodhall.com\/fr\/#website","url":"https:\/\/foundersfoodhall.com\/fr\/","name":"Founders Food Hall","description":"Charlottetown, PEI","publisher":{"@id":"https:\/\/foundersfoodhall.com\/fr\/#organization"},"potentialAction":[{"@type":"SearchAction","target":{"@type":"EntryPoint","urlTemplate":"https:\/\/foundersfoodhall.com\/fr\/?s={search_term_string}"},"query-input":{"@type":"PropertyValueSpecification","valueRequired":true,"valueName":"search_term_string"}}],"inLanguage":"fr-FR"},{"@type":"Organization","@id":"https:\/\/foundersfoodhall.com\/fr\/#organization","name":"Founders Food Hall","url":"https:\/\/foundersfoodhall.com\/fr\/","logo":{"@type":"ImageObject","inLanguage":"fr-FR","@id":"https:\/\/foundersfoodhall.com\/fr\/#\/schema\/logo\/image\/","url":"https:\/\/foundersfoodhall.com\/wp-content\/uploads\/2019\/02\/Food-Hall-Logo.png","contentUrl":"https:\/\/foundersfoodhall.com\/wp-content\/uploads\/2019\/02\/Food-Hall-Logo.png","width":450,"height":251,"caption":"Founders Food Hall"},"image":{"@id":"https:\/\/foundersfoodhall.com\/fr\/#\/schema\/logo\/image\/"},"sameAs":["https:\/\/www.facebook.com\/foundersfoodhall","https:\/\/www.instagram.com\/foundersfoodhall\/"]}]}},"acf":[],"_links":{"self":[{"href":"https:\/\/foundersfoodhall.com\/fr\/wp-json\/wp\/v2\/pages\/6657","targetHints":{"allow":["GET"]}}],"collection":[{"href":"https:\/\/foundersfoodhall.com\/fr\/wp-json\/wp\/v2\/pages"}],"about":[{"href":"https:\/\/foundersfoodhall.com\/fr\/wp-json\/wp\/v2\/types\/page"}],"author":[{"embeddable":true,"href":"https:\/\/foundersfoodhall.com\/fr\/wp-json\/wp\/v2\/users\/1"}],"replies":[{"embeddable":true,"href":"https:\/\/foundersfoodhall.com\/fr\/wp-json\/wp\/v2\/comments?post=6657"}],"version-history":[{"count":5,"href":"https:\/\/foundersfoodhall.com\/fr\/wp-json\/wp\/v2\/pages\/6657\/revisions"}],"predecessor-version":[{"id":6874,"href":"https:\/\/foundersfoodhall.com\/fr\/wp-json\/wp\/v2\/pages\/6657\/revisions\/6874"}],"up":[{"embeddable":true,"href":"https:\/\/foundersfoodhall.com\/fr\/wp-json\/wp\/v2\/pages\/6638"}],"wp:attachment":[{"href":"https:\/\/foundersfoodhall.com\/fr\/wp-json\/wp\/v2\/media?parent=6657"}],"curies":[{"name":"wp","href":"https:\/\/api.w.org\/{rel}","templated":true}]}}